{"id":354,"date":"2016-12-17T13:31:48","date_gmt":"2016-12-17T12:31:48","guid":{"rendered":"http:\/\/oronsko.org\/?page_id=354"},"modified":"2021-09-13T16:46:46","modified_gmt":"2021-09-13T14:46:46","slug":"rozklad-busa","status":"publish","type":"page","link":"https:\/\/oronsko.org\/?page_id=354","title":{"rendered":"Rozk\u0142ad jazdy busa"},"content":{"rendered":"<p style=\"text-align: center;\"><span style=\"font-size: 24pt;\"><strong>ROZK\u0141ADY JAZDY KOMUNIKACJI PUBLICZNEJ<\/strong><\/span><\/p>\n<p style=\"text-align: center;\">Przewo\u017anik: Dolbus Travel\u00a0 ul. Kossaka 14,\u00a0 \u00a026-110 Skar\u017cysko \u2013 Kamienna<br \/>\ntel.:\u00a0 692-410-982\u00a0\u00a0\u00a0\u00a0\u00a0\u00a0\u00a0\u00a0\u00a0\u00a0\u00a0\u00a0\u00a0\u00a0\u00a0\u00a0\u00a0\u00a0\u00a0\u00a0\u00a0\u00a0\u00a0 \u00a0\u00a0\u00a0\u00a0 Informacja czynna od 8.00 do 15.00<\/p>\n<p>&nbsp;<\/p>\n<p><span style=\"color: #ff0000;\">PRZYSTANEK:<strong> ORO\u0143SKO<\/strong><\/span><\/p>\n<table style=\"width: 79.4562%;\" width=\"868\">\n<tbody>\n<tr>\n<td style=\"width: 21.3626%;\" width=\"183\">\n<p><strong>Kierunek:<\/strong><\/p>\n<\/td>\n<td style=\"width: 69.213%;\" width=\"685\">\n<p><strong>Godziny odjazdu:<\/strong><\/p>\n<\/td>\n<\/tr>\n<tr>\n<td style=\"width: 21.3626%;\" width=\"183\">\n<p><strong>Radom<\/strong><\/p>\n<\/td>\n<td style=\"width: 69.213%;\" width=\"685\">\n<p>&nbsp;<\/p>\n<p><em><u>od poniedzia\u0142ku do pi\u0105tku:<\/u><\/em><\/p>\n<p><strong>5.13<\/strong>n,*<strong>\u00a0 5.58<\/strong>n,*<strong>\u00a0 6.23<\/strong>S<strong>\u00a0 6.53<\/strong>n,*<strong>\u00a0 7.08<\/strong>S<strong>\u00a0 7.53<\/strong>n,*<strong>\u00a0 8.38<\/strong>S<strong>\u00a0 9.13<\/strong>n,*<strong>\u00a0 10.13<\/strong>n,*<strong>\u00a0 11.13<\/strong>n,*<strong>\u00a0 11.53<\/strong>n,*<strong>\u00a0 12.43<\/strong>n,*<strong>\u00a0 13.43<\/strong>n,*<strong>\u00a0 14.23<\/strong>S<strong>\u00a0 14.43<\/strong>n,*<strong>\u00a0 15.28<\/strong>S<strong>\u00a0 15.48<\/strong>n,*<strong>\u00a0 16.38<\/strong>n,*<strong>\u00a0 17.33<\/strong>n,*<strong>\u00a0 18.23<\/strong>n,*<\/p>\n<p><em><u>w soboty:<\/u><\/em><\/p>\n<p><strong>5.58<\/strong>n,*<strong>\u00a0 6.53<\/strong>n,*<strong>\u00a0 9.03<\/strong>n,*<strong>\u00a0 11.13<\/strong>n,*<strong>\u00a0 12.43<\/strong>n,*<strong>\u00a0 14.43<\/strong>n,*<strong>\u00a0 16.38<\/strong>n,*<strong>\u00a0 18.23<\/strong>n,*<\/p>\n<p><em><u>w niedziele:<\/u><\/em><\/p>\n<p><strong>6.53<\/strong>*<strong>\u00a0 10.13<\/strong>*<strong>\u00a0 14.43<\/strong>*<strong>\u00a0 18.23<\/strong>*<\/p>\n<\/td>\n<\/tr>\n<\/tbody>\n<\/table>\n<table style=\"width: 79.3475%; height: 330px;\" width=\"868\">\n<tbody>\n<tr style=\"height: 10px;\">\n<td style=\"width: 21.3626%; height: 10px;\" width=\"183\">\u00a0<\/td>\n<td style=\"width: 69.2643%; height: 10px;\" width=\"685\">\u00a0<\/td>\n<\/tr>\n<tr style=\"height: 320px;\">\n<td style=\"width: 21.3626%; height: 320px;\" width=\"183\">\n<p><strong>Skar\u017cysko-Kamienna<\/strong><\/p>\n<p>przez Szyd\u0142owiec<\/p>\n<\/td>\n<td style=\"width: 69.2643%; height: 320px;\" width=\"685\">\n<p>&nbsp;<\/p>\n<p><em><u>od poniedzia\u0142ku do pi\u0105tku:<\/u><\/em><\/p>\n<p><strong>6.15<\/strong>n,*<strong>\u00a0 6.55<\/strong>n,*<strong>\u00a0 7.25<\/strong>S<strong>\u00a0 7.50<\/strong>n,*<strong>\u00a0 8.15<\/strong>S<strong>\u00a0 9.15<\/strong>S<strong>\u00a0 10.05<\/strong>n,*<strong>\u00a0 10.40<\/strong>n,*<strong>\u00a0 11.25<\/strong>n,*<strong>\u00a0 12.35<\/strong>n,*<strong>\u00a0 13.35<\/strong>n,*<strong>\u00a0 14.10<\/strong>S<strong>\u00a0 15.05<\/strong>S<strong>\u00a0 15.35<\/strong>n,*<strong>\u00a0 15.55<\/strong>n*<strong>\u00a0 16.40<\/strong>n,*<strong>\u00a0 17.15<\/strong>S<strong>\u00a0 17.55<\/strong>S<strong>\u00a0 18.45<\/strong>n,*\u00a0\u00a0 <strong>19.40<\/strong>n,*<\/p>\n<p><em><u>w soboty:<\/u><\/em><\/p>\n<p><strong>6.55<\/strong>n,*<strong>\u00a0 7.50<\/strong>n,*<strong>\u00a0 10.05<\/strong>n,*<strong>\u00a0 12.35<\/strong>n,*<strong>\u00a0 14.35<\/strong>n,*<strong>\u00a0 15.35<\/strong>n,*<strong>\u00a0 17.35<\/strong>n,*<strong>\u00a0 19.40<\/strong>n,*<\/p>\n<p><em><u>w niedziele:<\/u><\/em><\/p>\n<p><strong>7.50<\/strong>*<strong>\u00a0 11.25<\/strong>*<strong>\u00a0 15.35<\/strong>*<strong>\u00a0 19.40<\/strong>*<\/p>\n<\/td>\n<\/tr>\n<\/tbody>\n<\/table>\n<table style=\"width: 86.7051%;\" width=\"945\">\n<tbody>\n<tr>\n<td style=\"width: 100%; text-align: center;\" width=\"945\"><strong><span style=\"color: #ff0000;\">POZOSTA\u0141E KURSY<\/span><\/strong><\/td>\n<\/tr>\n<tr>\n<td style=\"width: 100%;\" width=\"945\">\n<p><strong>\u00a0<\/strong><\/p>\n<p><strong>SKAR\u017bYSKO &#8211; RADOM<\/strong><\/p>\n<p><strong><u>\u00a0<\/u><\/strong><\/p>\n<p><strong><u>Od poniedzia\u0142ku do pi\u0105tku<\/u><\/strong><\/p>\n<p><strong>4.30<\/strong>n,*<strong>\u00a0 5.15<\/strong>n,*<strong>\u00a0 5.40<\/strong>S<strong>\u00a0 6.10<\/strong>n,*<strong>\u00a0 6.25<\/strong>S<strong>\u00a0 7.10<\/strong>n,*<strong>\u00a0 7.55<\/strong>S<strong>\u00a0 8.30<\/strong>n,*<strong>\u00a0 9.30<\/strong>n,*<strong>\u00a0 10.30<\/strong>n,*<strong>\u00a0 11.10<\/strong>n,*<strong>\u00a0 12.00<\/strong>n,*<strong>\u00a0 13.00<\/strong>n,*<strong>\u00a0 13.40<\/strong>S<strong>\u00a0 14.00<\/strong>n,*<strong>\u00a0 14.45<\/strong>S<strong>\u00a0 15.05<\/strong>n,*<strong>\u00a0 15.55<\/strong>n,*<strong>\u00a0 16.50<\/strong>n,*<strong>\u00a0 17.40<\/strong>n,*<\/p>\n<p><strong><u>\u00a0<\/u><\/strong><\/p>\n<p><strong><u>W soboty<\/u><\/strong><\/p>\n<p><strong>5.15<\/strong>n,*<strong>\u00a0 6.10<\/strong>n,*<strong>\u00a0 8.20<\/strong>n,*<strong>\u00a0 10.30<\/strong>n,*<strong>\u00a0 12.00<\/strong>n,*<strong>\u00a0 14.00<\/strong>n,*<strong>\u00a0 15.55<\/strong>n,*<strong>\u00a0 17.40<\/strong>n,*<\/p>\n<p><strong><u>\u00a0<\/u><\/strong><\/p>\n<p><strong><u>W niedziele<\/u><\/strong><\/p>\n<p><strong>6.10<\/strong>*<strong>\u00a0 9.30<\/strong>*<strong>\u00a0 14.00<\/strong>*<strong>\u00a0 17.40<\/strong>*<\/p>\n<p><strong><u>\u00a0<\/u><\/strong><\/p>\n<p>&nbsp;<\/p>\n<p><strong>RADOM \u2013 SKAR\u017bYSKO<\/strong><\/p>\n<p><strong><u>\u00a0<\/u><\/strong><\/p>\n<p><strong><u>Od poniedzia\u0142ku do pi\u0105tku<\/u><\/strong><\/p>\n<p><strong>5.50<\/strong>n,*<strong>\u00a0 6.30<\/strong>n,*<strong>\u00a0 7.00<\/strong>S<strong>\u00a0 7.25<\/strong>n,*<strong>\u00a0 7.50<\/strong>S<strong>\u00a0 8.50<\/strong>S<strong>\u00a0 9.40<\/strong>n,*<strong>\u00a0 10.15<\/strong>n,*<strong>\u00a0 11.00<\/strong>n,*<strong>\u00a0 12.10<\/strong>n,*<strong>\u00a0 13.10<\/strong>n,*<strong>\u00a0 13.45<\/strong>S<strong>\u00a0 14.40<\/strong>S<strong>\u00a0 15.10<\/strong>n,*<strong>\u00a0 15.30<\/strong>n,*<strong>\u00a0 16.15<\/strong>n,*<strong>\u00a0 16.50<\/strong>S<strong>\u00a0 17.30<\/strong>n,*<strong>\u00a0 18.20<\/strong>n,*\u00a0\u00a0 <strong>19.15<\/strong>n,*<\/p>\n<p><strong><u>\u00a0<\/u><\/strong><\/p>\n<p><strong><u>W soboty<\/u><\/strong><\/p>\n<p><strong>6.30<\/strong>n,*<strong>\u00a0 7.25<\/strong>n,*<strong>\u00a0 9.40<\/strong>n,*<strong>\u00a0 12.10<\/strong>n,*<strong>\u00a0 14.10<\/strong>n,*<strong>\u00a0 15.10<\/strong>n,*<strong>\u00a0 17.10<\/strong>n,*<strong>\u00a0 19.15<\/strong>n,*<\/p>\n<p><strong>\u00a0<\/strong><\/p>\n<p><strong><u>W niedziele<\/u><\/strong><\/p>\n<p><strong>7.25<\/strong>*<strong>\u00a0 11.00<\/strong>*<strong>\u00a0 15.10<\/strong>*<strong>\u00a0 19.15<\/strong>*<\/p>\n<p><strong><u>\u00a0<\/u><\/strong><\/p>\n<p>&nbsp;<\/p>\n<p><strong>SZYD\u0141OWIEC \u2013 RADOM<\/strong><\/p>\n<p>&nbsp;<\/p>\n<p><strong><u>Od poniedzia\u0142ku do pi\u0105tku<\/u><\/strong><\/p>\n<p><strong>4.56<\/strong>n,*<strong>\u00a0 5.41<\/strong>n,*<strong>\u00a0 6.06<\/strong>S<strong>\u00a0 6.36<\/strong>n,*<strong>\u00a0 6.51<\/strong>S<strong>\u00a0 7.36<\/strong>n,*<strong>\u00a0 8.21<\/strong>S<strong>\u00a0 8.56<\/strong>n,*<strong>\u00a0 9.56<\/strong>n,*<strong>\u00a0 10.56<\/strong>n,*<strong>\u00a0 11.36<\/strong>n,*<strong>\u00a0 12.26<\/strong>n,*<strong>\u00a0 13.26<\/strong>n,*<strong>\u00a0 14.06<\/strong>S<strong>\u00a0 14.26<\/strong>n,*<strong>\u00a0 15.11<\/strong>S<strong>\u00a0 15.31<\/strong>n,*<strong>\u00a0 16.21<\/strong>n,*<strong>\u00a0 17.16<\/strong>n,*<strong>\u00a0 18.06<\/strong>n,*<\/p>\n<p>&nbsp;<\/p>\n<p><strong><u>W soboty<\/u><\/strong><\/p>\n<p><strong>5.41<\/strong>n,*<strong>\u00a0 6.36<\/strong>n,*<strong>\u00a0 8.46<\/strong>n,*<strong>\u00a0 10.56<\/strong>n,*<strong>\u00a0 12.26<\/strong>n,*<strong>\u00a0 14.26<\/strong>n,*<strong>\u00a0 16.21<\/strong>n,*<strong>\u00a0 18.06<\/strong>n,*<\/p>\n<p>&nbsp;<\/p>\n<p><strong><u>W niedziele<\/u><\/strong><\/p>\n<p><strong>6.36<\/strong>*<strong>\u00a0 9.56<\/strong>*<strong>\u00a0 14.26<\/strong>*<strong>\u00a0 18.06<\/strong>*<\/p>\n<p><strong><u>\u00a0<\/u><\/strong><\/p>\n<p>&nbsp;<\/p>\n<p><strong>SZYD\u0141OWIEC \u2013 SKAR\u017bYSKO<\/strong><\/p>\n<p>&nbsp;<\/p>\n<p><strong><u>Kursuje od poniedzia\u0142ku do pi\u0105tku<\/u><\/strong><\/p>\n<p><strong>6.34<\/strong>n,*<strong>\u00a0 7.14<\/strong>n,*<strong>\u00a0 7.44<\/strong>S<strong>\u00a0 8.09<\/strong>n,*<strong>\u00a0 8.34<\/strong>S<strong>\u00a0 9.34<\/strong>S<strong>\u00a0 10.24<\/strong>n,*<strong>\u00a0 10.59<\/strong>n,*<strong>\u00a0 11.44<\/strong>n,*<strong>\u00a0 12.54<\/strong>n,*<strong>\u00a0 13.54<\/strong>n,*<strong>\u00a0 14.29<\/strong>S<strong>\u00a0 15.24<\/strong>S<strong>\u00a0 15.54<\/strong>n,*<strong>\u00a0 16.14<\/strong>n,*<strong>\u00a0 16.59<\/strong>n,*<strong>\u00a0 17.34<\/strong>S<strong>\u00a0 18.14<\/strong>S<strong>\u00a0 19.04<\/strong>n,*\u00a0\u00a0 <strong>19.59<\/strong>n,*<\/p>\n<p><strong><u>\u00a0<\/u><\/strong><\/p>\n<p><strong><u>Kursuje w soboty<\/u><\/strong><\/p>\n<p><strong>7.14<\/strong>n,*<strong>\u00a0 8.09<\/strong>n,*<strong>\u00a0 10.24<\/strong>n,*<strong>\u00a0 12.54<\/strong>n,*<strong>\u00a0 14.54<\/strong>n,*<strong>\u00a0 15.54<\/strong>n,*<strong>\u00a0 17.54<\/strong>n,*<strong>\u00a0 19.59<\/strong>n,*<\/p>\n<p><strong>\u00a0<\/strong><\/p>\n<p><strong><u>Kursuje w niedziele<\/u><\/strong><\/p>\n<p><strong>8.09<\/strong>*<strong>\u00a0 11.44<\/strong>*<strong>\u00a0 15.54<\/strong>*<strong>\u00a0 19.59<\/strong>*<\/p>\n<p><strong><u>\u00a0<\/u><\/strong><\/p>\n<p><u>___________________________________________________________________________________<\/u><\/p>\n<p><strong><u>Obja\u015bnienia oznacze\u0144 i symboli:<\/u><\/strong><\/p>\n<p><strong>S<\/strong> \u2013 kursuje w dni nauki szkolnej<\/p>\n<p><strong>n<\/strong> \u2013 nie kursuje w Wielk\u0105 Sobot\u0119, 24.XII oraz 31.XII<\/p>\n<p><strong>*<\/strong> \u2013 nie kursuje w dni ustawowo wolne<\/p>\n<p>&nbsp;<\/p>\n<p>Sprzeda\u017c bilet\u00f3w miesi\u0119cznych w biurze przy ul. Kossaka 14 w Skar\u017cysku &#8211; Kam. w dniach od 25 dnia bie\u017c\u0105cego miesi\u0105ca do 5 dnia kolejnego miesi\u0105ca w godz. od 10.00 do 14.00<\/p>\n<\/td>\n<\/tr>\n<\/tbody>\n<\/table>\n<p>&nbsp;<\/p>\n<p>&nbsp;<\/p>\n<p>&nbsp;<\/p>\n","protected":false},"excerpt":{"rendered":"<p>ROZK\u0141ADY JAZDY KOMUNIKACJI PUBLICZNEJ Przewo\u017anik: Dolbus Travel\u00a0 ul. Kossaka 14,\u00a0 \u00a026-110 Skar\u017cysko \u2013 Kamienna tel.:\u00a0 692-410-982\u00a0\u00a0\u00a0\u00a0\u00a0\u00a0\u00a0\u00a0\u00a0\u00a0\u00a0\u00a0\u00a0\u00a0\u00a0\u00a0\u00a0\u00a0\u00a0\u00a0\u00a0\u00a0\u00a0 \u00a0\u00a0\u00a0\u00a0 Informacja czynna od 8.00 do 15.00 &nbsp; PRZYSTANEK: ORO\u0143SKO Kierunek: Godziny odjazdu: Radom &nbsp; od poniedzia\u0142ku do pi\u0105tku: 5.13n,*\u00a0 5.58n,*\u00a0 6.23S\u00a0 6.53n,*\u00a0 7.08S\u00a0 7.53n,*\u00a0 8.38S\u00a0 9.13n,*\u00a0 10.13n,*\u00a0 11.13n,*\u00a0 11.53n,*\u00a0 12.43n,*\u00a0 13.43n,*\u00a0 14.23S\u00a0 14.43n,*\u00a0 15.28S\u00a0 15.48n,*\u00a0 16.38n,*\u00a0 17.33n,*\u00a0 18.23n,* [&hellip;]<\/p>\n","protected":false},"author":2,"featured_media":0,"parent":338,"menu_order":5,"comment_status":"closed","ping_status":"closed","template":"","meta":{"footnotes":""},"class_list":["post-354","page","type-page","status-publish","hentry"],"yoast_head":"<!-- This site is optimized with the Yoast SEO plugin v26.8 - https:\/\/yoast.com\/product\/yoast-seo-wordpress\/ -->\n<title>Rozk\u0142ad jazdy busa - Stowarzyszenie Odnowy i Rozwoju Gminy Oro\u0144sko<\/title>\n<meta name=\"robots\" content=\"index, follow, max-snippet:-1, max-image-preview:large, max-video-preview:-1\" \/>\n<link rel=\"canonical\" href=\"https:\/\/oronsko.org\/?page_id=354\" \/>\n<meta property=\"og:locale\" content=\"pl_PL\" \/>\n<meta property=\"og:type\" content=\"article\" \/>\n<meta property=\"og:title\" content=\"Rozk\u0142ad jazdy busa - Stowarzyszenie Odnowy i Rozwoju Gminy Oro\u0144sko\" \/>\n<meta property=\"og:description\" content=\"ROZK\u0141ADY JAZDY KOMUNIKACJI PUBLICZNEJ Przewo\u017anik: Dolbus Travel\u00a0 ul. Kossaka 14,\u00a0 \u00a026-110 Skar\u017cysko \u2013 Kamienna tel.:\u00a0 692-410-982\u00a0\u00a0\u00a0\u00a0\u00a0\u00a0\u00a0\u00a0\u00a0\u00a0\u00a0\u00a0\u00a0\u00a0\u00a0\u00a0\u00a0\u00a0\u00a0\u00a0\u00a0\u00a0\u00a0 \u00a0\u00a0\u00a0\u00a0 Informacja czynna od 8.00 do 15.00 &nbsp; PRZYSTANEK: ORO\u0143SKO Kierunek: Godziny odjazdu: Radom &nbsp; od poniedzia\u0142ku do pi\u0105tku: 5.13n,*\u00a0 5.58n,*\u00a0 6.23S\u00a0 6.53n,*\u00a0 7.08S\u00a0 7.53n,*\u00a0 8.38S\u00a0 9.13n,*\u00a0 10.13n,*\u00a0 11.13n,*\u00a0 11.53n,*\u00a0 12.43n,*\u00a0 13.43n,*\u00a0 14.23S\u00a0 14.43n,*\u00a0 15.28S\u00a0 15.48n,*\u00a0 16.38n,*\u00a0 17.33n,*\u00a0 18.23n,* [&hellip;]\" \/>\n<meta property=\"og:url\" content=\"https:\/\/oronsko.org\/?page_id=354\" \/>\n<meta property=\"og:site_name\" content=\"Stowarzyszenie Odnowy i Rozwoju Gminy Oro\u0144sko\" \/>\n<meta property=\"article:modified_time\" content=\"2021-09-13T14:46:46+00:00\" \/>\n<meta name=\"twitter:card\" content=\"summary_large_image\" \/>\n<meta name=\"twitter:label1\" content=\"Szacowany czas czytania\" \/>\n\t<meta name=\"twitter:data1\" content=\"3 minuty\" \/>\n<script type=\"application\/ld+json\" class=\"yoast-schema-graph\">{\"@context\":\"https:\/\/schema.org\",\"@graph\":[{\"@type\":\"WebPage\",\"@id\":\"https:\/\/oronsko.org\/?page_id=354\",\"url\":\"https:\/\/oronsko.org\/?page_id=354\",\"name\":\"Rozk\u0142ad jazdy busa - Stowarzyszenie Odnowy i Rozwoju Gminy Oro\u0144sko\",\"isPartOf\":{\"@id\":\"https:\/\/oronsko.org\/#website\"},\"datePublished\":\"2016-12-17T12:31:48+00:00\",\"dateModified\":\"2021-09-13T14:46:46+00:00\",\"breadcrumb\":{\"@id\":\"https:\/\/oronsko.org\/?page_id=354#breadcrumb\"},\"inLanguage\":\"pl-PL\",\"potentialAction\":[{\"@type\":\"ReadAction\",\"target\":[\"https:\/\/oronsko.org\/?page_id=354\"]}]},{\"@type\":\"BreadcrumbList\",\"@id\":\"https:\/\/oronsko.org\/?page_id=354#breadcrumb\",\"itemListElement\":[{\"@type\":\"ListItem\",\"position\":1,\"name\":\"Strona g\u0142\u00f3wna\",\"item\":\"https:\/\/oronsko.org\/\"},{\"@type\":\"ListItem\",\"position\":2,\"name\":\"Informator\",\"item\":\"https:\/\/oronsko.org\/?page_id=338\"},{\"@type\":\"ListItem\",\"position\":3,\"name\":\"Rozk\u0142ad jazdy busa\"}]},{\"@type\":\"WebSite\",\"@id\":\"https:\/\/oronsko.org\/#website\",\"url\":\"https:\/\/oronsko.org\/\",\"name\":\"Stowarzyszenie Odnowy i Rozwoju Gminy Oro\u0144sko\",\"description\":\"\",\"potentialAction\":[{\"@type\":\"SearchAction\",\"target\":{\"@type\":\"EntryPoint\",\"urlTemplate\":\"https:\/\/oronsko.org\/?s={search_term_string}\"},\"query-input\":{\"@type\":\"PropertyValueSpecification\",\"valueRequired\":true,\"valueName\":\"search_term_string\"}}],\"inLanguage\":\"pl-PL\"}]}<\/script>\n<!-- \/ Yoast SEO plugin. -->","yoast_head_json":{"title":"Rozk\u0142ad jazdy busa - Stowarzyszenie Odnowy i Rozwoju Gminy Oro\u0144sko","robots":{"index":"index","follow":"follow","max-snippet":"max-snippet:-1","max-image-preview":"max-image-preview:large","max-video-preview":"max-video-preview:-1"},"canonical":"https:\/\/oronsko.org\/?page_id=354","og_locale":"pl_PL","og_type":"article","og_title":"Rozk\u0142ad jazdy busa - Stowarzyszenie Odnowy i Rozwoju Gminy Oro\u0144sko","og_description":"ROZK\u0141ADY JAZDY KOMUNIKACJI PUBLICZNEJ Przewo\u017anik: Dolbus Travel\u00a0 ul. Kossaka 14,\u00a0 \u00a026-110 Skar\u017cysko \u2013 Kamienna tel.:\u00a0 692-410-982\u00a0\u00a0\u00a0\u00a0\u00a0\u00a0\u00a0\u00a0\u00a0\u00a0\u00a0\u00a0\u00a0\u00a0\u00a0\u00a0\u00a0\u00a0\u00a0\u00a0\u00a0\u00a0\u00a0 \u00a0\u00a0\u00a0\u00a0 Informacja czynna od 8.00 do 15.00 &nbsp; PRZYSTANEK: ORO\u0143SKO Kierunek: Godziny odjazdu: Radom &nbsp; od poniedzia\u0142ku do pi\u0105tku: 5.13n,*\u00a0 5.58n,*\u00a0 6.23S\u00a0 6.53n,*\u00a0 7.08S\u00a0 7.53n,*\u00a0 8.38S\u00a0 9.13n,*\u00a0 10.13n,*\u00a0 11.13n,*\u00a0 11.53n,*\u00a0 12.43n,*\u00a0 13.43n,*\u00a0 14.23S\u00a0 14.43n,*\u00a0 15.28S\u00a0 15.48n,*\u00a0 16.38n,*\u00a0 17.33n,*\u00a0 18.23n,* [&hellip;]","og_url":"https:\/\/oronsko.org\/?page_id=354","og_site_name":"Stowarzyszenie Odnowy i Rozwoju Gminy Oro\u0144sko","article_modified_time":"2021-09-13T14:46:46+00:00","twitter_card":"summary_large_image","twitter_misc":{"Szacowany czas czytania":"3 minuty"},"schema":{"@context":"https:\/\/schema.org","@graph":[{"@type":"WebPage","@id":"https:\/\/oronsko.org\/?page_id=354","url":"https:\/\/oronsko.org\/?page_id=354","name":"Rozk\u0142ad jazdy busa - Stowarzyszenie Odnowy i Rozwoju Gminy Oro\u0144sko","isPartOf":{"@id":"https:\/\/oronsko.org\/#website"},"datePublished":"2016-12-17T12:31:48+00:00","dateModified":"2021-09-13T14:46:46+00:00","breadcrumb":{"@id":"https:\/\/oronsko.org\/?page_id=354#breadcrumb"},"inLanguage":"pl-PL","potentialAction":[{"@type":"ReadAction","target":["https:\/\/oronsko.org\/?page_id=354"]}]},{"@type":"BreadcrumbList","@id":"https:\/\/oronsko.org\/?page_id=354#breadcrumb","itemListElement":[{"@type":"ListItem","position":1,"name":"Strona g\u0142\u00f3wna","item":"https:\/\/oronsko.org\/"},{"@type":"ListItem","position":2,"name":"Informator","item":"https:\/\/oronsko.org\/?page_id=338"},{"@type":"ListItem","position":3,"name":"Rozk\u0142ad jazdy busa"}]},{"@type":"WebSite","@id":"https:\/\/oronsko.org\/#website","url":"https:\/\/oronsko.org\/","name":"Stowarzyszenie Odnowy i Rozwoju Gminy Oro\u0144sko","description":"","potentialAction":[{"@type":"SearchAction","target":{"@type":"EntryPoint","urlTemplate":"https:\/\/oronsko.org\/?s={search_term_string}"},"query-input":{"@type":"PropertyValueSpecification","valueRequired":true,"valueName":"search_term_string"}}],"inLanguage":"pl-PL"}]}},"_links":{"self":[{"href":"https:\/\/oronsko.org\/index.php?rest_route=\/wp\/v2\/pages\/354","targetHints":{"allow":["GET"]}}],"collection":[{"href":"https:\/\/oronsko.org\/index.php?rest_route=\/wp\/v2\/pages"}],"about":[{"href":"https:\/\/oronsko.org\/index.php?rest_route=\/wp\/v2\/types\/page"}],"author":[{"embeddable":true,"href":"https:\/\/oronsko.org\/index.php?rest_route=\/wp\/v2\/users\/2"}],"replies":[{"embeddable":true,"href":"https:\/\/oronsko.org\/index.php?rest_route=%2Fwp%2Fv2%2Fcomments&post=354"}],"version-history":[{"count":14,"href":"https:\/\/oronsko.org\/index.php?rest_route=\/wp\/v2\/pages\/354\/revisions"}],"predecessor-version":[{"id":2615,"href":"https:\/\/oronsko.org\/index.php?rest_route=\/wp\/v2\/pages\/354\/revisions\/2615"}],"up":[{"embeddable":true,"href":"https:\/\/oronsko.org\/index.php?rest_route=\/wp\/v2\/pages\/338"}],"wp:attachment":[{"href":"https:\/\/oronsko.org\/index.php?rest_route=%2Fwp%2Fv2%2Fmedia&parent=354"}],"curies":[{"name":"wp","href":"https:\/\/api.w.org\/{rel}","templated":true}]}}