{"id":2457,"date":"2021-01-25T23:03:15","date_gmt":"2021-01-25T22:03:15","guid":{"rendered":"http:\/\/oronsko.org\/?page_id=2457"},"modified":"2021-01-25T23:10:05","modified_gmt":"2021-01-25T22:10:05","slug":"edycja-dzwieku","status":"publish","type":"page","link":"https:\/\/oronsko.org\/?page_id=2457","title":{"rendered":"Edycja d\u017awi\u0119ku"},"content":{"rendered":"<p style=\"text-align: center;\"><span style=\"font-size: 36pt; color: #00ffff;\"><a style=\"color: #00ffff;\" href=\"https:\/\/www.facebook.com\/marekmolendastudio\/\">Edycja D\u017awi\u0119ku<\/a><\/span><\/p>\n<p><a href=\"http:\/\/oronsko.org\/wp-content\/uploads\/2021\/01\/Mixing-Mastering-500x350-1.png\" data-rel=\"lightbox-image-0\" data-rl_title=\"\" data-rl_caption=\"\" title=\"\"><img loading=\"lazy\" decoding=\"async\" class=\"size-full wp-image-2461 aligncenter\" src=\"http:\/\/oronsko.org\/wp-content\/uploads\/2021\/01\/Mixing-Mastering-500x350-1.png\" alt=\"\" width=\"500\" height=\"350\" srcset=\"https:\/\/oronsko.org\/wp-content\/uploads\/2021\/01\/Mixing-Mastering-500x350-1.png 500w, https:\/\/oronsko.org\/wp-content\/uploads\/2021\/01\/Mixing-Mastering-500x350-1-300x210.png 300w\" sizes=\"auto, (max-width: 500px) 100vw, 500px\" \/><\/a><\/p>\n","protected":false},"excerpt":{"rendered":"<p>Edycja D\u017awi\u0119ku<\/p>\n","protected":false},"author":2,"featured_media":0,"parent":338,"menu_order":2,"comment_status":"closed","ping_status":"closed","template":"","meta":{"footnotes":""},"class_list":["post-2457","page","type-page","status-publish","hentry"],"yoast_head":"<!-- This site is optimized with the Yoast SEO plugin v26.8 - https:\/\/yoast.com\/product\/yoast-seo-wordpress\/ -->\n<title>Edycja d\u017awi\u0119ku - Stowarzyszenie Odnowy i Rozwoju Gminy Oro\u0144sko<\/title>\n<meta name=\"robots\" content=\"index, follow, max-snippet:-1, max-image-preview:large, max-video-preview:-1\" \/>\n<link rel=\"canonical\" href=\"https:\/\/oronsko.org\/?page_id=2457\" \/>\n<meta property=\"og:locale\" content=\"pl_PL\" \/>\n<meta property=\"og:type\" content=\"article\" \/>\n<meta property=\"og:title\" content=\"Edycja d\u017awi\u0119ku - Stowarzyszenie Odnowy i Rozwoju Gminy Oro\u0144sko\" \/>\n<meta property=\"og:description\" content=\"Edycja D\u017awi\u0119ku\" \/>\n<meta property=\"og:url\" content=\"https:\/\/oronsko.org\/?page_id=2457\" \/>\n<meta property=\"og:site_name\" content=\"Stowarzyszenie Odnowy i Rozwoju Gminy Oro\u0144sko\" \/>\n<meta property=\"article:modified_time\" content=\"2021-01-25T22:10:05+00:00\" \/>\n<meta property=\"og:image\" content=\"http:\/\/oronsko.org\/wp-content\/uploads\/2021\/01\/Mixing-Mastering-500x350-1.png\" \/>\n<meta name=\"twitter:card\" content=\"summary_large_image\" \/>\n<meta name=\"twitter:label1\" content=\"Szacowany czas czytania\" \/>\n\t<meta name=\"twitter:data1\" content=\"1 minuta\" \/>\n<script type=\"application\/ld+json\" class=\"yoast-schema-graph\">{\"@context\":\"https:\/\/schema.org\",\"@graph\":[{\"@type\":\"WebPage\",\"@id\":\"https:\/\/oronsko.org\/?page_id=2457\",\"url\":\"https:\/\/oronsko.org\/?page_id=2457\",\"name\":\"Edycja d\u017awi\u0119ku - Stowarzyszenie Odnowy i Rozwoju Gminy Oro\u0144sko\",\"isPartOf\":{\"@id\":\"https:\/\/oronsko.org\/#website\"},\"primaryImageOfPage\":{\"@id\":\"https:\/\/oronsko.org\/?page_id=2457#primaryimage\"},\"image\":{\"@id\":\"https:\/\/oronsko.org\/?page_id=2457#primaryimage\"},\"thumbnailUrl\":\"http:\/\/oronsko.org\/wp-content\/uploads\/2021\/01\/Mixing-Mastering-500x350-1.png\",\"datePublished\":\"2021-01-25T22:03:15+00:00\",\"dateModified\":\"2021-01-25T22:10:05+00:00\",\"breadcrumb\":{\"@id\":\"https:\/\/oronsko.org\/?page_id=2457#breadcrumb\"},\"inLanguage\":\"pl-PL\",\"potentialAction\":[{\"@type\":\"ReadAction\",\"target\":[\"https:\/\/oronsko.org\/?page_id=2457\"]}]},{\"@type\":\"ImageObject\",\"inLanguage\":\"pl-PL\",\"@id\":\"https:\/\/oronsko.org\/?page_id=2457#primaryimage\",\"url\":\"http:\/\/oronsko.org\/wp-content\/uploads\/2021\/01\/Mixing-Mastering-500x350-1.png\",\"contentUrl\":\"http:\/\/oronsko.org\/wp-content\/uploads\/2021\/01\/Mixing-Mastering-500x350-1.png\"},{\"@type\":\"BreadcrumbList\",\"@id\":\"https:\/\/oronsko.org\/?page_id=2457#breadcrumb\",\"itemListElement\":[{\"@type\":\"ListItem\",\"position\":1,\"name\":\"Strona g\u0142\u00f3wna\",\"item\":\"https:\/\/oronsko.org\/\"},{\"@type\":\"ListItem\",\"position\":2,\"name\":\"Informator\",\"item\":\"https:\/\/oronsko.org\/?page_id=338\"},{\"@type\":\"ListItem\",\"position\":3,\"name\":\"Edycja d\u017awi\u0119ku\"}]},{\"@type\":\"WebSite\",\"@id\":\"https:\/\/oronsko.org\/#website\",\"url\":\"https:\/\/oronsko.org\/\",\"name\":\"Stowarzyszenie Odnowy i Rozwoju Gminy Oro\u0144sko\",\"description\":\"\",\"potentialAction\":[{\"@type\":\"SearchAction\",\"target\":{\"@type\":\"EntryPoint\",\"urlTemplate\":\"https:\/\/oronsko.org\/?s={search_term_string}\"},\"query-input\":{\"@type\":\"PropertyValueSpecification\",\"valueRequired\":true,\"valueName\":\"search_term_string\"}}],\"inLanguage\":\"pl-PL\"}]}<\/script>\n<!-- \/ Yoast SEO plugin. -->","yoast_head_json":{"title":"Edycja d\u017awi\u0119ku - Stowarzyszenie Odnowy i Rozwoju Gminy Oro\u0144sko","robots":{"index":"index","follow":"follow","max-snippet":"max-snippet:-1","max-image-preview":"max-image-preview:large","max-video-preview":"max-video-preview:-1"},"canonical":"https:\/\/oronsko.org\/?page_id=2457","og_locale":"pl_PL","og_type":"article","og_title":"Edycja d\u017awi\u0119ku - Stowarzyszenie Odnowy i Rozwoju Gminy Oro\u0144sko","og_description":"Edycja D\u017awi\u0119ku","og_url":"https:\/\/oronsko.org\/?page_id=2457","og_site_name":"Stowarzyszenie Odnowy i Rozwoju Gminy Oro\u0144sko","article_modified_time":"2021-01-25T22:10:05+00:00","og_image":[{"url":"http:\/\/oronsko.org\/wp-content\/uploads\/2021\/01\/Mixing-Mastering-500x350-1.png","type":"","width":"","height":""}],"twitter_card":"summary_large_image","twitter_misc":{"Szacowany czas czytania":"1 minuta"},"schema":{"@context":"https:\/\/schema.org","@graph":[{"@type":"WebPage","@id":"https:\/\/oronsko.org\/?page_id=2457","url":"https:\/\/oronsko.org\/?page_id=2457","name":"Edycja d\u017awi\u0119ku - Stowarzyszenie Odnowy i Rozwoju Gminy Oro\u0144sko","isPartOf":{"@id":"https:\/\/oronsko.org\/#website"},"primaryImageOfPage":{"@id":"https:\/\/oronsko.org\/?page_id=2457#primaryimage"},"image":{"@id":"https:\/\/oronsko.org\/?page_id=2457#primaryimage"},"thumbnailUrl":"http:\/\/oronsko.org\/wp-content\/uploads\/2021\/01\/Mixing-Mastering-500x350-1.png","datePublished":"2021-01-25T22:03:15+00:00","dateModified":"2021-01-25T22:10:05+00:00","breadcrumb":{"@id":"https:\/\/oronsko.org\/?page_id=2457#breadcrumb"},"inLanguage":"pl-PL","potentialAction":[{"@type":"ReadAction","target":["https:\/\/oronsko.org\/?page_id=2457"]}]},{"@type":"ImageObject","inLanguage":"pl-PL","@id":"https:\/\/oronsko.org\/?page_id=2457#primaryimage","url":"http:\/\/oronsko.org\/wp-content\/uploads\/2021\/01\/Mixing-Mastering-500x350-1.png","contentUrl":"http:\/\/oronsko.org\/wp-content\/uploads\/2021\/01\/Mixing-Mastering-500x350-1.png"},{"@type":"BreadcrumbList","@id":"https:\/\/oronsko.org\/?page_id=2457#breadcrumb","itemListElement":[{"@type":"ListItem","position":1,"name":"Strona g\u0142\u00f3wna","item":"https:\/\/oronsko.org\/"},{"@type":"ListItem","position":2,"name":"Informator","item":"https:\/\/oronsko.org\/?page_id=338"},{"@type":"ListItem","position":3,"name":"Edycja d\u017awi\u0119ku"}]},{"@type":"WebSite","@id":"https:\/\/oronsko.org\/#website","url":"https:\/\/oronsko.org\/","name":"Stowarzyszenie Odnowy i Rozwoju Gminy Oro\u0144sko","description":"","potentialAction":[{"@type":"SearchAction","target":{"@type":"EntryPoint","urlTemplate":"https:\/\/oronsko.org\/?s={search_term_string}"},"query-input":{"@type":"PropertyValueSpecification","valueRequired":true,"valueName":"search_term_string"}}],"inLanguage":"pl-PL"}]}},"_links":{"self":[{"href":"https:\/\/oronsko.org\/index.php?rest_route=\/wp\/v2\/pages\/2457","targetHints":{"allow":["GET"]}}],"collection":[{"href":"https:\/\/oronsko.org\/index.php?rest_route=\/wp\/v2\/pages"}],"about":[{"href":"https:\/\/oronsko.org\/index.php?rest_route=\/wp\/v2\/types\/page"}],"author":[{"embeddable":true,"href":"https:\/\/oronsko.org\/index.php?rest_route=\/wp\/v2\/users\/2"}],"replies":[{"embeddable":true,"href":"https:\/\/oronsko.org\/index.php?rest_route=%2Fwp%2Fv2%2Fcomments&post=2457"}],"version-history":[{"count":2,"href":"https:\/\/oronsko.org\/index.php?rest_route=\/wp\/v2\/pages\/2457\/revisions"}],"predecessor-version":[{"id":2462,"href":"https:\/\/oronsko.org\/index.php?rest_route=\/wp\/v2\/pages\/2457\/revisions\/2462"}],"up":[{"embeddable":true,"href":"https:\/\/oronsko.org\/index.php?rest_route=\/wp\/v2\/pages\/338"}],"wp:attachment":[{"href":"https:\/\/oronsko.org\/index.php?rest_route=%2Fwp%2Fv2%2Fmedia&parent=2457"}],"curies":[{"name":"wp","href":"https:\/\/api.w.org\/{rel}","templated":true}]}}