{"id":14,"date":"2016-08-30T20:49:57","date_gmt":"2016-08-30T18:49:57","guid":{"rendered":"http:\/\/oronsko.org\/?page_id=14"},"modified":"2023-11-25T12:49:00","modified_gmt":"2023-11-25T11:49:00","slug":"wladze","status":"publish","type":"page","link":"https:\/\/oronsko.org\/?page_id=14","title":{"rendered":"W\u0142adze"},"content":{"rendered":"<p style=\"text-align: justify;\"><strong><img loading=\"lazy\" decoding=\"async\" class=\" wp-image-130 alignleft\" src=\"http:\/\/oronsko.org\/wp-content\/uploads\/2016\/08\/zdjecie-199x300.png\" alt=\"zdjecie\" width=\"145\" height=\"218\" srcset=\"https:\/\/oronsko.org\/wp-content\/uploads\/2016\/08\/zdjecie-199x300.png 199w, https:\/\/oronsko.org\/wp-content\/uploads\/2016\/08\/zdjecie-768x1156.png 768w, https:\/\/oronsko.org\/wp-content\/uploads\/2016\/08\/zdjecie-680x1024.png 680w, https:\/\/oronsko.org\/wp-content\/uploads\/2016\/08\/zdjecie.png 1461w\" sizes=\"auto, (max-width: 145px) 100vw, 145px\" \/>Sylwester R\u00f3\u017cycki &#8211; <\/strong>jest in\u017cynierem diagnostyki samochodowej oraz rzeczoznawstwa samochodowego, prowadzi w\u0142asn\u0105 dzia\u0142alno\u015b\u0107 gospodarcz\u0105 w obszarze mechaniki pojazdowej oraz projektowania i wykonawstwa konstrukcji zabezpiecze\u0144 w samochodach wy\u015bcigowych. Jego pasj\u0105 jest archeologia oraz sport w szczeg\u00f3lno\u015bci kolarstwo i sporty motorowe. W stowarzyszeniu pe\u0142ni\u0142 funkcj\u0119 wiceprezesa, a aktualnie jest prezesem. G\u0142\u00f3wnym obszarem prac merytorycznych realizowanych w\u00a0stowarzyszeniu jest organizacja przedsi\u0119wzi\u0119\u0107 sportowych, turystycznych i rekreacyjnych.<\/p>\n<p>&nbsp;<\/p>\n<p>&nbsp;<\/p>\n<p>&nbsp;<\/p>\n<p>&nbsp;<\/p>\n<p>&nbsp;<\/p>\n<p style=\"text-align: justify;\"><strong><img loading=\"lazy\" decoding=\"async\" class=\" wp-image-131 alignleft\" src=\"http:\/\/oronsko.org\/wp-content\/uploads\/2016\/08\/zdjecie2-300x270.jpg\" alt=\"zdjecie2\" width=\"153\" height=\"138\" srcset=\"https:\/\/oronsko.org\/wp-content\/uploads\/2016\/08\/zdjecie2-300x270.jpg 300w, https:\/\/oronsko.org\/wp-content\/uploads\/2016\/08\/zdjecie2-768x690.jpg 768w, https:\/\/oronsko.org\/wp-content\/uploads\/2016\/08\/zdjecie2.jpg 858w\" sizes=\"auto, (max-width: 153px) 100vw, 153px\" \/>Jaros\u0142aw Molenda &#8211;<\/strong> jest doktorem habilitowanym nauk technicznych, pracuje naukowo w Instytucie Technologii Eksploatacji\u00a0&#8211;\u00a0Pa\u0144stwowym Instytucie Badawczym w Radomiu. Jego hobby to fotografia. W\u00a0stowarzyszeniu pe\u0142ni funkcj\u0119 wiceprezesa, a jego praca koncentruje si\u0119 na organizowaniu nauki i doskonalenia p\u0142ywania, a tak\u017ce projekt\u00f3w edukacyjnych, artystycznych oraz pozyskiwaniu i koordynowaniu program\u00f3w dofinansowywanych ze \u017ar\u00f3de\u0142 publicznych.<\/p>\n<p>&nbsp;<\/p>\n<p>&nbsp;<\/p>\n<p>&nbsp;<\/p>\n<p style=\"text-align: justify;\"><strong><a href=\"https:\/\/oronsko.org\/wp-content\/uploads\/2023\/11\/IMG_968123-scaled.jpg\" data-rel=\"lightbox-image-0\" data-rl_title=\"\" data-rl_caption=\"\" title=\"\"><img loading=\"lazy\" decoding=\"async\" class=\" wp-image-3063 alignleft\" src=\"https:\/\/oronsko.org\/wp-content\/uploads\/2023\/11\/IMG_968123-258x300.jpg\" alt=\"\" width=\"162\" height=\"188\" srcset=\"https:\/\/oronsko.org\/wp-content\/uploads\/2023\/11\/IMG_968123-258x300.jpg 258w, https:\/\/oronsko.org\/wp-content\/uploads\/2023\/11\/IMG_968123-882x1024.jpg 882w, https:\/\/oronsko.org\/wp-content\/uploads\/2023\/11\/IMG_968123-768x892.jpg 768w, https:\/\/oronsko.org\/wp-content\/uploads\/2023\/11\/IMG_968123-1322x1536.jpg 1322w, https:\/\/oronsko.org\/wp-content\/uploads\/2023\/11\/IMG_968123-1763x2048.jpg 1763w\" sizes=\"auto, (max-width: 162px) 100vw, 162px\" \/><\/a>Cezary Wanko &#8211;<\/strong> jest magistrem in\u017cynierem sterowania ruchem w transporcie kolejowym oraz technikiem logistyki, zawodowo zajmuje si\u0119 planowaniem proces\u00f3w produkcji system\u00f3w sterowania ruchem kolejowym. Jego zainteresowania koncentruj\u0105 si\u0119 wok\u00f3\u0142 analizy matematycznej i matematyki, jak i r\u00f3wnie\u017c historii, archeologii i geofizyki. W Zarz\u0105dzie stowarzyszenia pe\u0142ni funkcj\u0119 skarbnika, a dodatkowo zajmuje si\u0119 koordynowaniem dzia\u0142a\u0144 logistycznych\u00a0 i formalno-prawnych, zwi\u0105zanych z organizowanymi imprezami sportowo-rekreacyjnymi, a tak\u017ce promocj\u0105 stowarzyszenia.<\/p>\n<p>&nbsp;<\/p>\n<p>&nbsp;<\/p>\n<p>&nbsp;<\/p>\n<p>&nbsp;<\/p>\n<p>&nbsp;<\/p>\n<p>&nbsp;<\/p>\n","protected":false},"excerpt":{"rendered":"<p>Sylwester R\u00f3\u017cycki &#8211; jest in\u017cynierem diagnostyki samochodowej oraz rzeczoznawstwa samochodowego, prowadzi w\u0142asn\u0105 dzia\u0142alno\u015b\u0107 gospodarcz\u0105 w obszarze mechaniki pojazdowej oraz projektowania i wykonawstwa konstrukcji zabezpiecze\u0144 w samochodach wy\u015bcigowych. Jego pasj\u0105 jest archeologia oraz sport w szczeg\u00f3lno\u015bci kolarstwo i sporty motorowe. W stowarzyszeniu pe\u0142ni\u0142 funkcj\u0119 wiceprezesa, a aktualnie jest prezesem. G\u0142\u00f3wnym obszarem prac merytorycznych realizowanych w\u00a0stowarzyszeniu jest [&hellip;]<\/p>\n","protected":false},"author":1,"featured_media":0,"parent":7,"menu_order":3,"comment_status":"closed","ping_status":"closed","template":"","meta":{"footnotes":""},"class_list":["post-14","page","type-page","status-publish","hentry"],"yoast_head":"<!-- This site is optimized with the Yoast SEO plugin v26.8 - https:\/\/yoast.com\/product\/yoast-seo-wordpress\/ -->\n<title>W\u0142adze - Stowarzyszenie Odnowy i Rozwoju Gminy Oro\u0144sko<\/title>\n<meta name=\"robots\" content=\"index, follow, max-snippet:-1, max-image-preview:large, max-video-preview:-1\" \/>\n<link rel=\"canonical\" href=\"https:\/\/oronsko.org\/?page_id=14\" \/>\n<meta property=\"og:locale\" content=\"pl_PL\" \/>\n<meta property=\"og:type\" content=\"article\" \/>\n<meta property=\"og:title\" content=\"W\u0142adze - Stowarzyszenie Odnowy i Rozwoju Gminy Oro\u0144sko\" \/>\n<meta property=\"og:description\" content=\"Sylwester R\u00f3\u017cycki &#8211; jest in\u017cynierem diagnostyki samochodowej oraz rzeczoznawstwa samochodowego, prowadzi w\u0142asn\u0105 dzia\u0142alno\u015b\u0107 gospodarcz\u0105 w obszarze mechaniki pojazdowej oraz projektowania i wykonawstwa konstrukcji zabezpiecze\u0144 w samochodach wy\u015bcigowych. Jego pasj\u0105 jest archeologia oraz sport w szczeg\u00f3lno\u015bci kolarstwo i sporty motorowe. W stowarzyszeniu pe\u0142ni\u0142 funkcj\u0119 wiceprezesa, a aktualnie jest prezesem. G\u0142\u00f3wnym obszarem prac merytorycznych realizowanych w\u00a0stowarzyszeniu jest [&hellip;]\" \/>\n<meta property=\"og:url\" content=\"https:\/\/oronsko.org\/?page_id=14\" \/>\n<meta property=\"og:site_name\" content=\"Stowarzyszenie Odnowy i Rozwoju Gminy Oro\u0144sko\" \/>\n<meta property=\"article:modified_time\" content=\"2023-11-25T11:49:00+00:00\" \/>\n<meta property=\"og:image\" content=\"http:\/\/oronsko.org\/wp-content\/uploads\/2016\/08\/zdjecie-199x300.png\" \/>\n<meta name=\"twitter:card\" content=\"summary_large_image\" \/>\n<meta name=\"twitter:label1\" content=\"Szacowany czas czytania\" \/>\n\t<meta name=\"twitter:data1\" content=\"2 minuty\" \/>\n<script type=\"application\/ld+json\" class=\"yoast-schema-graph\">{\"@context\":\"https:\/\/schema.org\",\"@graph\":[{\"@type\":\"WebPage\",\"@id\":\"https:\/\/oronsko.org\/?page_id=14\",\"url\":\"https:\/\/oronsko.org\/?page_id=14\",\"name\":\"W\u0142adze - Stowarzyszenie Odnowy i Rozwoju Gminy Oro\u0144sko\",\"isPartOf\":{\"@id\":\"https:\/\/oronsko.org\/#website\"},\"primaryImageOfPage\":{\"@id\":\"https:\/\/oronsko.org\/?page_id=14#primaryimage\"},\"image\":{\"@id\":\"https:\/\/oronsko.org\/?page_id=14#primaryimage\"},\"thumbnailUrl\":\"http:\/\/oronsko.org\/wp-content\/uploads\/2016\/08\/zdjecie-199x300.png\",\"datePublished\":\"2016-08-30T18:49:57+00:00\",\"dateModified\":\"2023-11-25T11:49:00+00:00\",\"breadcrumb\":{\"@id\":\"https:\/\/oronsko.org\/?page_id=14#breadcrumb\"},\"inLanguage\":\"pl-PL\",\"potentialAction\":[{\"@type\":\"ReadAction\",\"target\":[\"https:\/\/oronsko.org\/?page_id=14\"]}]},{\"@type\":\"ImageObject\",\"inLanguage\":\"pl-PL\",\"@id\":\"https:\/\/oronsko.org\/?page_id=14#primaryimage\",\"url\":\"http:\/\/oronsko.org\/wp-content\/uploads\/2016\/08\/zdjecie-199x300.png\",\"contentUrl\":\"http:\/\/oronsko.org\/wp-content\/uploads\/2016\/08\/zdjecie-199x300.png\"},{\"@type\":\"BreadcrumbList\",\"@id\":\"https:\/\/oronsko.org\/?page_id=14#breadcrumb\",\"itemListElement\":[{\"@type\":\"ListItem\",\"position\":1,\"name\":\"Strona g\u0142\u00f3wna\",\"item\":\"https:\/\/oronsko.org\/\"},{\"@type\":\"ListItem\",\"position\":2,\"name\":\"O nas\",\"item\":\"https:\/\/oronsko.org\/?page_id=7\"},{\"@type\":\"ListItem\",\"position\":3,\"name\":\"W\u0142adze\"}]},{\"@type\":\"WebSite\",\"@id\":\"https:\/\/oronsko.org\/#website\",\"url\":\"https:\/\/oronsko.org\/\",\"name\":\"Stowarzyszenie Odnowy i Rozwoju Gminy Oro\u0144sko\",\"description\":\"\",\"potentialAction\":[{\"@type\":\"SearchAction\",\"target\":{\"@type\":\"EntryPoint\",\"urlTemplate\":\"https:\/\/oronsko.org\/?s={search_term_string}\"},\"query-input\":{\"@type\":\"PropertyValueSpecification\",\"valueRequired\":true,\"valueName\":\"search_term_string\"}}],\"inLanguage\":\"pl-PL\"}]}<\/script>\n<!-- \/ Yoast SEO plugin. -->","yoast_head_json":{"title":"W\u0142adze - Stowarzyszenie Odnowy i Rozwoju Gminy Oro\u0144sko","robots":{"index":"index","follow":"follow","max-snippet":"max-snippet:-1","max-image-preview":"max-image-preview:large","max-video-preview":"max-video-preview:-1"},"canonical":"https:\/\/oronsko.org\/?page_id=14","og_locale":"pl_PL","og_type":"article","og_title":"W\u0142adze - Stowarzyszenie Odnowy i Rozwoju Gminy Oro\u0144sko","og_description":"Sylwester R\u00f3\u017cycki &#8211; jest in\u017cynierem diagnostyki samochodowej oraz rzeczoznawstwa samochodowego, prowadzi w\u0142asn\u0105 dzia\u0142alno\u015b\u0107 gospodarcz\u0105 w obszarze mechaniki pojazdowej oraz projektowania i wykonawstwa konstrukcji zabezpiecze\u0144 w samochodach wy\u015bcigowych. Jego pasj\u0105 jest archeologia oraz sport w szczeg\u00f3lno\u015bci kolarstwo i sporty motorowe. W stowarzyszeniu pe\u0142ni\u0142 funkcj\u0119 wiceprezesa, a aktualnie jest prezesem. G\u0142\u00f3wnym obszarem prac merytorycznych realizowanych w\u00a0stowarzyszeniu jest [&hellip;]","og_url":"https:\/\/oronsko.org\/?page_id=14","og_site_name":"Stowarzyszenie Odnowy i Rozwoju Gminy Oro\u0144sko","article_modified_time":"2023-11-25T11:49:00+00:00","og_image":[{"url":"http:\/\/oronsko.org\/wp-content\/uploads\/2016\/08\/zdjecie-199x300.png","type":"","width":"","height":""}],"twitter_card":"summary_large_image","twitter_misc":{"Szacowany czas czytania":"2 minuty"},"schema":{"@context":"https:\/\/schema.org","@graph":[{"@type":"WebPage","@id":"https:\/\/oronsko.org\/?page_id=14","url":"https:\/\/oronsko.org\/?page_id=14","name":"W\u0142adze - Stowarzyszenie Odnowy i Rozwoju Gminy Oro\u0144sko","isPartOf":{"@id":"https:\/\/oronsko.org\/#website"},"primaryImageOfPage":{"@id":"https:\/\/oronsko.org\/?page_id=14#primaryimage"},"image":{"@id":"https:\/\/oronsko.org\/?page_id=14#primaryimage"},"thumbnailUrl":"http:\/\/oronsko.org\/wp-content\/uploads\/2016\/08\/zdjecie-199x300.png","datePublished":"2016-08-30T18:49:57+00:00","dateModified":"2023-11-25T11:49:00+00:00","breadcrumb":{"@id":"https:\/\/oronsko.org\/?page_id=14#breadcrumb"},"inLanguage":"pl-PL","potentialAction":[{"@type":"ReadAction","target":["https:\/\/oronsko.org\/?page_id=14"]}]},{"@type":"ImageObject","inLanguage":"pl-PL","@id":"https:\/\/oronsko.org\/?page_id=14#primaryimage","url":"http:\/\/oronsko.org\/wp-content\/uploads\/2016\/08\/zdjecie-199x300.png","contentUrl":"http:\/\/oronsko.org\/wp-content\/uploads\/2016\/08\/zdjecie-199x300.png"},{"@type":"BreadcrumbList","@id":"https:\/\/oronsko.org\/?page_id=14#breadcrumb","itemListElement":[{"@type":"ListItem","position":1,"name":"Strona g\u0142\u00f3wna","item":"https:\/\/oronsko.org\/"},{"@type":"ListItem","position":2,"name":"O nas","item":"https:\/\/oronsko.org\/?page_id=7"},{"@type":"ListItem","position":3,"name":"W\u0142adze"}]},{"@type":"WebSite","@id":"https:\/\/oronsko.org\/#website","url":"https:\/\/oronsko.org\/","name":"Stowarzyszenie Odnowy i Rozwoju Gminy Oro\u0144sko","description":"","potentialAction":[{"@type":"SearchAction","target":{"@type":"EntryPoint","urlTemplate":"https:\/\/oronsko.org\/?s={search_term_string}"},"query-input":{"@type":"PropertyValueSpecification","valueRequired":true,"valueName":"search_term_string"}}],"inLanguage":"pl-PL"}]}},"_links":{"self":[{"href":"https:\/\/oronsko.org\/index.php?rest_route=\/wp\/v2\/pages\/14","targetHints":{"allow":["GET"]}}],"collection":[{"href":"https:\/\/oronsko.org\/index.php?rest_route=\/wp\/v2\/pages"}],"about":[{"href":"https:\/\/oronsko.org\/index.php?rest_route=\/wp\/v2\/types\/page"}],"author":[{"embeddable":true,"href":"https:\/\/oronsko.org\/index.php?rest_route=\/wp\/v2\/users\/1"}],"replies":[{"embeddable":true,"href":"https:\/\/oronsko.org\/index.php?rest_route=%2Fwp%2Fv2%2Fcomments&post=14"}],"version-history":[{"count":15,"href":"https:\/\/oronsko.org\/index.php?rest_route=\/wp\/v2\/pages\/14\/revisions"}],"predecessor-version":[{"id":3064,"href":"https:\/\/oronsko.org\/index.php?rest_route=\/wp\/v2\/pages\/14\/revisions\/3064"}],"up":[{"embeddable":true,"href":"https:\/\/oronsko.org\/index.php?rest_route=\/wp\/v2\/pages\/7"}],"wp:attachment":[{"href":"https:\/\/oronsko.org\/index.php?rest_route=%2Fwp%2Fv2%2Fmedia&parent=14"}],"curies":[{"name":"wp","href":"https:\/\/api.w.org\/{rel}","templated":true}]}}